{"id":10,"date":"2014-08-12T15:43:19","date_gmt":"2014-08-12T19:43:19","guid":{"rendered":"http:\/\/zoneclient.studiovisionic.com\/dev\/SITES\/clients\/template_base_wordpress\/?page_id=10"},"modified":"2015-02-02T14:00:24","modified_gmt":"2015-02-02T19:00:24","slug":"neighborhood","status":"publish","type":"page","link":"https:\/\/rubic.ca\/en\/neighborhood\/","title":{"rendered":"Neighborhood"},"content":{"rendered":"<h2>Points of interest<\/h2>\n<div class=\"list_style clearfix\">\n<ul>\n<li>Station Berri-UQAM<\/li>\n<li>Clinique M\u00e9dicale Du Quartier Latin<\/li>\n<li>CHUM<\/li>\n<li>Gare D&#8217;Autocars de Montr\u00e9al<\/li>\n<li>Clinique M\u00e9dicale Mont Carmel<\/li>\n<li>CLSC Des Faubourgs<\/li>\n<\/ul>\n<ul>\n<li>Station Beaudry<\/li>\n<li>Station Saint-Laurent<\/li>\n<li>Universit\u00e9 du Qu\u00e9bec \u00e0 Montr\u00e9al<\/li>\n<li>Cin\u00e9math\u00e8que qu\u00e9becoise<\/li>\n<li>Salle Pierre-Mercure<\/li>\n<li>Grande Biblioth\u00e8que de Montr\u00e9al<\/li>\n<\/ul>\n<ul>\n<li>Arena Camilien-Houde<\/li>\n<li>Th\u00e9\u00e2tre St-Denis<\/li>\n<li>Th\u00e9\u00e2tre De L&#8217;Olympia<\/li>\n<li>Le National<\/li>\n<li>Centre de Loisirs Ste-Catherine D&#8217;Alexandre<\/li>\n<li>Jardin communautaire Sainte-Catherine<\/li>\n<li>Cin\u00e9plex Od\u00e9on<\/li>\n<\/ul>\n<\/div>\n","protected":false},"excerpt":{"rendered":"<p>Points of interest Station Berri-UQAM Clinique M\u00e9dicale Du Quartier Latin CHUM Gare D&#8217;Autocars de Montr\u00e9al Clinique M\u00e9dicale Mont Carmel CLSC Des Faubourgs Station Beaudry Station Saint-Laurent Universit\u00e9 du Qu\u00e9bec \u00e0 Montr\u00e9al Cin\u00e9math\u00e8que qu\u00e9becoise Salle Pierre-Mercure Grande Biblioth\u00e8que de Montr\u00e9al Arena Camilien-Houde Th\u00e9\u00e2tre St-Denis Th\u00e9\u00e2tre De L&#8217;Olympia Le National Centre de Loisirs Ste-Catherine D&#8217;Alexandre Jardin communautaire [&hellip;]<\/p>\n","protected":false},"author":4,"featured_media":0,"parent":0,"menu_order":0,"comment_status":"open","ping_status":"closed","template":"page-templates\/page-quartier.php","meta":{"_acf_changed":false,"ngg_post_thumbnail":0,"footnotes":""},"class_list":["post-10","page","type-page","status-publish","hentry"],"acf":[],"_links":{"self":[{"href":"https:\/\/rubic.ca\/en\/wp-json\/wp\/v2\/pages\/10","targetHints":{"allow":["GET"]}}],"collection":[{"href":"https:\/\/rubic.ca\/en\/wp-json\/wp\/v2\/pages"}],"about":[{"href":"https:\/\/rubic.ca\/en\/wp-json\/wp\/v2\/types\/page"}],"author":[{"embeddable":true,"href":"https:\/\/rubic.ca\/en\/wp-json\/wp\/v2\/users\/4"}],"replies":[{"embeddable":true,"href":"https:\/\/rubic.ca\/en\/wp-json\/wp\/v2\/comments?post=10"}],"version-history":[{"count":12,"href":"https:\/\/rubic.ca\/en\/wp-json\/wp\/v2\/pages\/10\/revisions"}],"predecessor-version":[{"id":639,"href":"https:\/\/rubic.ca\/en\/wp-json\/wp\/v2\/pages\/10\/revisions\/639"}],"wp:attachment":[{"href":"https:\/\/rubic.ca\/en\/wp-json\/wp\/v2\/media?parent=10"}],"curies":[{"name":"wp","href":"https:\/\/api.w.org\/{rel}","templated":true}]}}